{"id":9048,"date":"2024-06-06T11:25:41","date_gmt":"2024-06-06T08:25:41","guid":{"rendered":"https:\/\/3dfactory.lt\/?post_type=product&#038;p=9048"},"modified":"2025-02-12T13:08:49","modified_gmt":"2025-02-12T11:08:49","slug":"droztukas-skirtas-ileisti-95mm-elekros-dezutes-i-gipskartonio-plokse","status":"publish","type":"product","link":"https:\/\/3dfactory.lt\/en\/parduotuve\/droztukas-skirtas-ileisti-95mm-elekros-dezutes-i-gipskartonio-plokse\/","title":{"rendered":"Dro\u017etukas skirtas \u012fleisti 95mm elekros de\u017eutes \u012f gipskartonio plok\u0161\u0119"},"content":{"rendered":"<h2>Dro\u017etukas skirtas nestandartin\u0117ms 95 mm el. d\u0117\u017eut\u0117ms gipso kartono plok\u0161t\u0117je<\/h2>\n<p>Dro\u017etukas puikiai tiks \u012fleisti elektros montavimo d\u0117\u017eutes lygiai su gipskartonio plok\u0161te, taip sutaupysite laiko ruo\u0161dami sienas da\u017eymui, kadangi nereiks glaistyti aplink d\u0117\u017eutes. D\u0117\u017eut\u0117s bus prigludusios, tod\u0117l neklius \u0161pakliuojant bei da\u017eant. Lengvai kei\u010diamos gele\u017et\u0117s. Skirta m\u0117g\u0117jams ir profesionaliam naudojimui. D\u0117\u017eut\u0117ms kuri\u0173 skersmuo yra <strong>95 <\/strong>mm. Dedasi standartiniai peiliukai, kuriuos rasite beveik visose statybini\u0173 med\u017eiag\u0173 parduotuv\u0117se.<\/p>","protected":false},"excerpt":{"rendered":"<p>Dro\u017etukas skirtas nestandartin\u0117ms 95 mm el. d\u0117\u017eut\u0117ms gipso kartono plok\u0161t\u0117je  [&#8230;]<\/p>","protected":false},"featured_media":9049,"comment_status":"open","ping_status":"closed","template":"","meta":{"om_disable_all_campaigns":false,"_uf_show_specific_survey":0,"_uf_disable_surveys":false},"product_brand":[],"product_cat":[205],"product_tag":[279,278,281,280],"class_list":{"0":"post-9048","1":"product","2":"type-product","3":"status-publish","4":"has-post-thumbnail","6":"product_cat-irankiai","7":"product_tag-95mm-dezutems","8":"product_tag-droztukas-gipso-95mm","9":"product_tag-el-dezute-95-mm","10":"product_tag-gipso-freza","12":"first","13":"instock","14":"sale","15":"shipping-taxable","16":"purchasable","17":"product-type-simple"},"_links":{"self":[{"href":"https:\/\/3dfactory.lt\/en\/wp-json\/wp\/v2\/product\/9048","targetHints":{"allow":["GET"]}}],"collection":[{"href":"https:\/\/3dfactory.lt\/en\/wp-json\/wp\/v2\/product"}],"about":[{"href":"https:\/\/3dfactory.lt\/en\/wp-json\/wp\/v2\/types\/product"}],"replies":[{"embeddable":true,"href":"https:\/\/3dfactory.lt\/en\/wp-json\/wp\/v2\/comments?post=9048"}],"wp:featuredmedia":[{"embeddable":true,"href":"https:\/\/3dfactory.lt\/en\/wp-json\/wp\/v2\/media\/9049"}],"wp:attachment":[{"href":"https:\/\/3dfactory.lt\/en\/wp-json\/wp\/v2\/media?parent=9048"}],"wp:term":[{"taxonomy":"product_brand","embeddable":true,"href":"https:\/\/3dfactory.lt\/en\/wp-json\/wp\/v2\/product_brand?post=9048"},{"taxonomy":"product_cat","embeddable":true,"href":"https:\/\/3dfactory.lt\/en\/wp-json\/wp\/v2\/product_cat?post=9048"},{"taxonomy":"product_tag","embeddable":true,"href":"https:\/\/3dfactory.lt\/en\/wp-json\/wp\/v2\/product_tag?post=9048"}],"curies":[{"name":"wp","href":"https:\/\/api.w.org\/{rel}","templated":true}]}}