{"id":8902,"date":"2024-03-19T00:27:16","date_gmt":"2024-03-18T22:27:16","guid":{"rendered":"https:\/\/3dfactory.lt\/?post_type=product&#038;p=8902"},"modified":"2025-06-10T19:10:22","modified_gmt":"2025-06-10T16:10:22","slug":"polistirolo-pjaustymo-stakles-pjaustykle","status":"publish","type":"product","link":"https:\/\/3dfactory.lt\/en\/parduotuve\/polistirolo-pjaustymo-stakles-pjaustykle\/","title":{"rendered":"Polistirolo Pjaustymo Stakl\u0117s\/ Pjaustykl\u0117 125CM"},"content":{"rendered":"<p>Pristatome naujo ir patogaus dizaino modulines polistirolo\/neoporo\/geoporo pjaustymo stakles. Patogi naudoti b\u0117geli\u0173 sistema, kartu su fiksuojan\u010diais b\u0117geliais pakartotiniams pjovimams.<\/p>\n<p>Didelio plo\u010dio- net apie 125cm pjovimo plotis.<\/p>\n<p><img decoding=\"async\" class=\"lazyload aligncenter wp-image-9698 size-large\" src=\"https:\/\/3dfactory.lt\/wp-content\/uploads\/2024\/03\/Screenshot-2025-06-06-011840-1024x383.png\" data-orig-src=\"https:\/\/3dfactory.lt\/wp-content\/uploads\/2024\/03\/Screenshot-2025-06-06-011840-1024x383.png\" alt=\"\" width=\"1024\" height=\"383\" srcset=\"data:image\/svg+xml,%3Csvg%20xmlns%3D%27http%3A%2F%2Fwww.w3.org%2F2000%2Fsvg%27%20width%3D%271024%27%20height%3D%27383%27%20viewBox%3D%270%200%201024%20383%27%3E%3Crect%20width%3D%271024%27%20height%3D%27383%27%20fill-opacity%3D%220%22%2F%3E%3C%2Fsvg%3E\" data-srcset=\"https:\/\/3dfactory.lt\/wp-content\/uploads\/2024\/03\/Screenshot-2025-06-06-011840-18x7.png 18w, https:\/\/3dfactory.lt\/wp-content\/uploads\/2024\/03\/Screenshot-2025-06-06-011840-200x75.png 200w, https:\/\/3dfactory.lt\/wp-content\/uploads\/2024\/03\/Screenshot-2025-06-06-011840-300x112.png 300w, https:\/\/3dfactory.lt\/wp-content\/uploads\/2024\/03\/Screenshot-2025-06-06-011840-400x150.png 400w, https:\/\/3dfactory.lt\/wp-content\/uploads\/2024\/03\/Screenshot-2025-06-06-011840-500x187.png 500w, https:\/\/3dfactory.lt\/wp-content\/uploads\/2024\/03\/Screenshot-2025-06-06-011840-600x224.png 600w, https:\/\/3dfactory.lt\/wp-content\/uploads\/2024\/03\/Screenshot-2025-06-06-011840-700x262.png 700w, https:\/\/3dfactory.lt\/wp-content\/uploads\/2024\/03\/Screenshot-2025-06-06-011840-768x287.png 768w, https:\/\/3dfactory.lt\/wp-content\/uploads\/2024\/03\/Screenshot-2025-06-06-011840-800x299.png 800w, https:\/\/3dfactory.lt\/wp-content\/uploads\/2024\/03\/Screenshot-2025-06-06-011840-1024x383.png 1024w, https:\/\/3dfactory.lt\/wp-content\/uploads\/2024\/03\/Screenshot-2025-06-06-011840-1200x449.png 1200w, https:\/\/3dfactory.lt\/wp-content\/uploads\/2024\/03\/Screenshot-2025-06-06-011840-1536x575.png 1536w, https:\/\/3dfactory.lt\/wp-content\/uploads\/2024\/03\/Screenshot-2025-06-06-011840.png 1711w\" data-sizes=\"auto\" data-orig-sizes=\"(max-width: 1024px) 100vw, 1024px\" \/><\/p>\n<p>Galima reguliuoti ir u\u017efiksuoti pjovimo auk\u0161t\u012f.<br \/>\nStatus kampas \u0161one, pagal j\u012f stumiant polistirolo lapus i\u0161gausite 90 laipsni\u0173 kamp\u0105 kas kart.<\/p>\n<p>&nbsp;<\/p>\n<p>Apsaugoti el. komponentai nuo purvo bei dulki\u0173.<\/p>\n<p>&nbsp;<\/p>\n<p>&nbsp;<\/p>\n<p><img decoding=\"async\" class=\"lazyload aligncenter wp-image-9701 size-large\" src=\"https:\/\/3dfactory.lt\/wp-content\/uploads\/2024\/03\/Screenshot-2025-06-06-013553-1024x620.png\" data-orig-src=\"https:\/\/3dfactory.lt\/wp-content\/uploads\/2024\/03\/Screenshot-2025-06-06-013553-1024x620.png\" alt=\"\" width=\"1024\" height=\"620\" srcset=\"data:image\/svg+xml,%3Csvg%20xmlns%3D%27http%3A%2F%2Fwww.w3.org%2F2000%2Fsvg%27%20width%3D%271024%27%20height%3D%27620%27%20viewBox%3D%270%200%201024%20620%27%3E%3Crect%20width%3D%271024%27%20height%3D%27620%27%20fill-opacity%3D%220%22%2F%3E%3C%2Fsvg%3E\" data-srcset=\"https:\/\/3dfactory.lt\/wp-content\/uploads\/2024\/03\/Screenshot-2025-06-06-013553-18x12.png 18w, https:\/\/3dfactory.lt\/wp-content\/uploads\/2024\/03\/Screenshot-2025-06-06-013553-200x121.png 200w, https:\/\/3dfactory.lt\/wp-content\/uploads\/2024\/03\/Screenshot-2025-06-06-013553-300x182.png 300w, https:\/\/3dfactory.lt\/wp-content\/uploads\/2024\/03\/Screenshot-2025-06-06-013553-400x242.png 400w, https:\/\/3dfactory.lt\/wp-content\/uploads\/2024\/03\/Screenshot-2025-06-06-013553-500x303.png 500w, https:\/\/3dfactory.lt\/wp-content\/uploads\/2024\/03\/Screenshot-2025-06-06-013553-600x363.png 600w, https:\/\/3dfactory.lt\/wp-content\/uploads\/2024\/03\/Screenshot-2025-06-06-013553-700x424.png 700w, https:\/\/3dfactory.lt\/wp-content\/uploads\/2024\/03\/Screenshot-2025-06-06-013553-768x465.png 768w, https:\/\/3dfactory.lt\/wp-content\/uploads\/2024\/03\/Screenshot-2025-06-06-013553-800x484.png 800w, https:\/\/3dfactory.lt\/wp-content\/uploads\/2024\/03\/Screenshot-2025-06-06-013553-1024x620.png 1024w, https:\/\/3dfactory.lt\/wp-content\/uploads\/2024\/03\/Screenshot-2025-06-06-013553-1200x726.png 1200w, https:\/\/3dfactory.lt\/wp-content\/uploads\/2024\/03\/Screenshot-2025-06-06-013553.png 1343w\" data-sizes=\"auto\" data-orig-sizes=\"(max-width: 1024px) 100vw, 1024px\" \/><\/p>\n<p>&nbsp;<\/p>\n<p>&nbsp;<\/p>\n<p>&nbsp;<\/p>\n<p>Parametrai:<\/p>\n<p>Maksimalus pjaustymo auk\u0161tis: 30 cm<br \/>\nMaksimalus pjaustymo plotis: 125 cm<\/p>\n<p>*Dizainas ir spalvos gali skirtis, gaminys, gali b\u016bti tobulinamas ir gerinamos jo funkcijos.<\/p>\n<p>&nbsp;<\/p>\n<p>&nbsp;<\/p>\n<p>&nbsp;<\/p>","protected":false},"excerpt":{"rendered":"<p>Pristatymas 4-7 d.d<\/p>\n<ul>\n<li>I\u0161ardomos ir\u00a0 transportuojamos<\/li>\n<li>Modulin\u0117s- susirenka i\u0161 dali\u0173<\/li>\n<li>Pjovimo plotis iki 125cm<\/li>\n<li>36v &#8211; 150w<\/li>\n<\/ul>\n<p>&nbsp;<\/p>","protected":false},"featured_media":9700,"comment_status":"open","ping_status":"closed","template":"","meta":{"om_disable_all_campaigns":false,"_uf_show_specific_survey":0,"_uf_disable_surveys":false},"product_brand":[],"product_cat":[205],"product_tag":[264,312,267,263,265,266],"class_list":{"0":"post-8902","1":"product","2":"type-product","3":"status-publish","4":"has-post-thumbnail","6":"product_cat-irankiai","7":"product_tag-pjaustykle","8":"product_tag-pjaustykle125cm","9":"product_tag-pjaustymui-putos","10":"product_tag-polistirolo-pjaustykle","11":"product_tag-polistirolo-stakles","12":"product_tag-putplascio-stakles","14":"first","15":"instock","16":"sale","17":"shipping-taxable","18":"purchasable","19":"product-type-simple"},"_links":{"self":[{"href":"https:\/\/3dfactory.lt\/en\/wp-json\/wp\/v2\/product\/8902","targetHints":{"allow":["GET"]}}],"collection":[{"href":"https:\/\/3dfactory.lt\/en\/wp-json\/wp\/v2\/product"}],"about":[{"href":"https:\/\/3dfactory.lt\/en\/wp-json\/wp\/v2\/types\/product"}],"replies":[{"embeddable":true,"href":"https:\/\/3dfactory.lt\/en\/wp-json\/wp\/v2\/comments?post=8902"}],"wp:featuredmedia":[{"embeddable":true,"href":"https:\/\/3dfactory.lt\/en\/wp-json\/wp\/v2\/media\/9700"}],"wp:attachment":[{"href":"https:\/\/3dfactory.lt\/en\/wp-json\/wp\/v2\/media?parent=8902"}],"wp:term":[{"taxonomy":"product_brand","embeddable":true,"href":"https:\/\/3dfactory.lt\/en\/wp-json\/wp\/v2\/product_brand?post=8902"},{"taxonomy":"product_cat","embeddable":true,"href":"https:\/\/3dfactory.lt\/en\/wp-json\/wp\/v2\/product_cat?post=8902"},{"taxonomy":"product_tag","embeddable":true,"href":"https:\/\/3dfactory.lt\/en\/wp-json\/wp\/v2\/product_tag?post=8902"}],"curies":[{"name":"wp","href":"https:\/\/api.w.org\/{rel}","templated":true}]}}