{"id":8577,"date":"2023-12-16T14:14:50","date_gmt":"2023-12-16T12:14:50","guid":{"rendered":"https:\/\/3dfactory.lt\/?post_type=product&#038;p=8577"},"modified":"2024-01-01T21:00:45","modified_gmt":"2024-01-01T19:00:45","slug":"laiptu-pakopu-matavimo-zymejimo-irankis","status":"publish","type":"product","link":"https:\/\/3dfactory.lt\/en\/parduotuve\/laiptu-pakopu-matavimo-zymejimo-irankis\/","title":{"rendered":"Laipt\u0173 pakop\u0173 matavimo\/ \u017eym\u0117jimo \u012frankis"},"content":{"rendered":"<p>Patogus pakop\u0173 montavimo pagalbinis \u012frankis pakop\u0173 \u017eym\u0117jimui.<\/p>\n<p>Matmenys<\/p>\n<p>Gylis: 30cm<\/p>\n<p>Ilgis 70-102cm<\/p>\n<p>Auk\u0161is 3cm<\/p>","protected":false},"excerpt":{"rendered":"<p>Patogus pakop\u0173 montavimo pagalbinis \u012frankis pakop\u0173 \u017eym\u0117jimui.<\/p>\n<p>Matmenys<\/p>\n<p>Gylis: 30cm<\/p>\n<p>Ilgis 70-102cm<\/p>\n<p>Auk\u0161is 3cm<\/p>\n<p>Svoris: apie 200g<\/p>","protected":false},"featured_media":8578,"comment_status":"open","ping_status":"closed","template":"","meta":{"om_disable_all_campaigns":false,"_uf_show_specific_survey":0,"_uf_disable_surveys":false},"product_brand":[],"product_cat":[205],"product_tag":[254,253,252,256,255],"class_list":{"0":"post-8577","1":"product","2":"type-product","3":"status-publish","4":"has-post-thumbnail","6":"product_cat-irankiai","7":"product_tag-laiptu-matavimas","8":"product_tag-laiptu-montavimo","9":"product_tag-laiptu-pakopu-irankis","10":"product_tag-pakopu-matavimo-sablonas","11":"product_tag-pakopu-montavimas","13":"first","14":"instock","15":"sale","16":"shipping-taxable","17":"purchasable","18":"product-type-simple"},"_links":{"self":[{"href":"https:\/\/3dfactory.lt\/en\/wp-json\/wp\/v2\/product\/8577","targetHints":{"allow":["GET"]}}],"collection":[{"href":"https:\/\/3dfactory.lt\/en\/wp-json\/wp\/v2\/product"}],"about":[{"href":"https:\/\/3dfactory.lt\/en\/wp-json\/wp\/v2\/types\/product"}],"replies":[{"embeddable":true,"href":"https:\/\/3dfactory.lt\/en\/wp-json\/wp\/v2\/comments?post=8577"}],"wp:featuredmedia":[{"embeddable":true,"href":"https:\/\/3dfactory.lt\/en\/wp-json\/wp\/v2\/media\/8578"}],"wp:attachment":[{"href":"https:\/\/3dfactory.lt\/en\/wp-json\/wp\/v2\/media?parent=8577"}],"wp:term":[{"taxonomy":"product_brand","embeddable":true,"href":"https:\/\/3dfactory.lt\/en\/wp-json\/wp\/v2\/product_brand?post=8577"},{"taxonomy":"product_cat","embeddable":true,"href":"https:\/\/3dfactory.lt\/en\/wp-json\/wp\/v2\/product_cat?post=8577"},{"taxonomy":"product_tag","embeddable":true,"href":"https:\/\/3dfactory.lt\/en\/wp-json\/wp\/v2\/product_tag?post=8577"}],"curies":[{"name":"wp","href":"https:\/\/api.w.org\/{rel}","templated":true}]}}