{"id":8469,"date":"2023-11-03T23:28:15","date_gmt":"2023-11-03T21:28:15","guid":{"rendered":"https:\/\/3dfactory.lt\/?post_type=product&#038;p=8469"},"modified":"2025-11-03T18:38:31","modified_gmt":"2025-11-03T16:38:31","slug":"dulkiu-nusiurbimo-antgalis-kampiniam-slifuokliui-su-ratukais","status":"publish","type":"product","link":"https:\/\/3dfactory.lt\/en\/parduotuve\/dulkiu-nusiurbimo-antgalis-kampiniam-slifuokliui-su-ratukais\/","title":{"rendered":"Dulki\u0173 nusiurbimo antgalis kampiniam \u0161lifuokliui su ratukais"},"content":{"rendered":"<h1>Dulki\u0173 nusiurbimo antgalis kampiniam \u0161lifuokliui: efektyvus sprendimas pjovimui be dulki\u0173.<\/h1>\n<p>Kampin\u0117s \u0161lifavimo ma\u0161inos yra nepakei\u010diamas \u012frankis daugelyje statybini\u0173 ir remonto darb\u0173. Ta\u010diau, naudojant \u0161ias \u012frankius, da\u017enai susiduriama su dideliu dulki\u0173 kiekiu, kuris gali sukelti ne tik nepatogum\u0173, bet ir kenksming\u0173 daleli\u0173 \u012fkv\u0117pim\u0105. Norint i\u0161vengti \u0161ios problemos, rekomenduojama naudoti <strong>dulki\u0173 nusiurbimo antgal\u012f<\/strong> kampiniam \u0161lifuokliui.<\/p>\n<p>\u0160is antgalis yra specialiai sukurtas tam, kad surinkt\u0173 i\u0161skirtinai smulkias dulkes, kurios susidaro \u0161lifavimo proceso metu. Jis yra lengvai montuojamas ant \u0161lifuoklio ir suteikia galimyb\u0119 darb\u0105 atlikti be dideli\u0173 dulki\u0173 i\u0161siskyrimo \u012f aplink\u0105.<\/p>\n<p>Be to, dulki\u0173 nusiurbimo antgalis kampiniam \u0161lifuokliui padeda i\u0161laikyti darbo viet\u0105 tvarking\u0105 ir saugi\u0105. Jis suma\u017eina dulk\u0117tum\u0105 aplink \u0161lifuokl\u012f, kas leid\u017eia geriau matyti darbo pavir\u0161i\u0173 ir i\u0161vengti galim\u0173 nelaiming\u0173 atsitikim\u0173. Ratuk\u0173 pagalba galima tiksliai bei patogiai daryti i\u0161ilginius pj\u016bvius.<\/p>\n<p>\u0160is antgalis tinka daugumai kampini\u0173 \u0161lifuokli\u0173 modeli\u0173, tod\u0117l j\u012f galima lengvai pritaikyti prie savo \u012frankio. Be to, jis yra patvarus ir ilgaam\u017eis, tod\u0117l u\u017etikrina efektyv\u0173 darb\u0105 ilg\u0105 laik\u0105.<\/p>\n<p>Pagamintas i\u0161 ABS plastiko.<\/p>\n<p>Tinka daugeliui kampni\u0173 \u0161lifuokli\u0173.<\/p>\n<p>Tinka tik 125mm diskui.<\/p>\n<p>&nbsp;<\/p>","protected":false},"excerpt":{"rendered":"<ul>\n<li>Skirtas 125mm kampniam \u0161lifuokliui<\/li>\n<li>Patogus naudoti<\/li>\n<\/ul>","protected":false},"featured_media":8486,"comment_status":"open","ping_status":"closed","template":"","meta":{"om_disable_all_campaigns":false,"_uf_show_specific_survey":0,"_uf_disable_surveys":false},"product_brand":[],"product_cat":[205],"product_tag":[242,240,243,241,244],"class_list":{"0":"post-8469","1":"product","2":"type-product","3":"status-publish","4":"has-post-thumbnail","6":"product_cat-irankiai","7":"product_tag-125mm","8":"product_tag-adapteris-kampiniaim-slifuokliui","9":"product_tag-antgalis-su-ratukais","10":"product_tag-dulkiu-nusiurbimas","11":"product_tag-pjovimo-priedas","13":"first","14":"instock","15":"sale","16":"shipping-taxable","17":"purchasable","18":"product-type-simple"},"_links":{"self":[{"href":"https:\/\/3dfactory.lt\/en\/wp-json\/wp\/v2\/product\/8469","targetHints":{"allow":["GET"]}}],"collection":[{"href":"https:\/\/3dfactory.lt\/en\/wp-json\/wp\/v2\/product"}],"about":[{"href":"https:\/\/3dfactory.lt\/en\/wp-json\/wp\/v2\/types\/product"}],"replies":[{"embeddable":true,"href":"https:\/\/3dfactory.lt\/en\/wp-json\/wp\/v2\/comments?post=8469"}],"wp:featuredmedia":[{"embeddable":true,"href":"https:\/\/3dfactory.lt\/en\/wp-json\/wp\/v2\/media\/8486"}],"wp:attachment":[{"href":"https:\/\/3dfactory.lt\/en\/wp-json\/wp\/v2\/media?parent=8469"}],"wp:term":[{"taxonomy":"product_brand","embeddable":true,"href":"https:\/\/3dfactory.lt\/en\/wp-json\/wp\/v2\/product_brand?post=8469"},{"taxonomy":"product_cat","embeddable":true,"href":"https:\/\/3dfactory.lt\/en\/wp-json\/wp\/v2\/product_cat?post=8469"},{"taxonomy":"product_tag","embeddable":true,"href":"https:\/\/3dfactory.lt\/en\/wp-json\/wp\/v2\/product_tag?post=8469"}],"curies":[{"name":"wp","href":"https:\/\/api.w.org\/{rel}","templated":true}]}}