{"id":8406,"date":"2023-09-15T19:10:16","date_gmt":"2023-09-15T16:10:16","guid":{"rendered":"https:\/\/3dfactory.lt\/?post_type=product&#038;p=8406"},"modified":"2024-09-01T12:43:34","modified_gmt":"2024-09-01T09:43:34","slug":"droztukas-skirtas-ileisti-elekros-dezutes-i-gipskartonio-plokse-carbon","status":"publish","type":"product","link":"https:\/\/3dfactory.lt\/en\/parduotuve\/droztukas-skirtas-ileisti-elekros-dezutes-i-gipskartonio-plokse-carbon\/","title":{"rendered":"Dro\u017etukas skirtas \u012fleisti elekros de\u017eutes \u012f gipskartonio plok\u0161\u0119 &#8211; CARBON"},"content":{"rendered":"<p>\u0160is dro\u017etuko modelis pagamintas i\u0161 sustiprinto plastiko <strong>&#8211; NAILONO IR ANGLIES PLUO\u0160TO PLASTIKO<\/strong>, kuris yra gerokai lengvesnis bei stipresnis u\u017e standartin\u012f model\u012f.<\/p>\n<p>Dro\u017etukas puikiai tiks \u012fleisti elektros montavimo d\u0117\u017eutes lygiai su gipskartonio plok\u0161te, taip sutaupysite laiko ruo\u0161dami sienas da\u017eymui, kadangi nereiks glaistyti aplink d\u0117\u017eutes. D\u0117\u017eut\u0117s bus prigludusios, todel neklius \u0161pakliuojant bei da\u017eant. Lengvai kei\u010diamos gele\u017et\u0117s. Skirta m\u0117g\u0117jams ir profesionaliam naudojimui. D\u0117\u017eut\u0117ms kuri\u0173 skersmuo yra 67mm.<\/p>\n<p>&nbsp;<\/p>\n<p><span style=\"color: #ff9900;\"><em>D\u0117mesio,kadangi nailono spausdinimas yra technologi\u0161kai sud\u0117tingesnis, lyginant su ABS, dro\u017etuko pavir\u0161i\u0173 plok\u0161umos gali tur\u0117ti artefakt\u0173 nuo laikin\u0173j\u0173 atram\u0173.<br \/>\n\u012erankio funcionalumai tai \u012ftakos neturi.<\/em><\/span><\/p>\n<p>&nbsp;<\/p>\n<p><img decoding=\"async\" class=\"lazyload aligncenter wp-image-8408 size-large\" src=\"https:\/\/3dfactory.lt\/wp-content\/uploads\/2023\/09\/Gipso-droztukas-CARBON-1024x669.png\" data-orig-src=\"https:\/\/3dfactory.lt\/wp-content\/uploads\/2023\/09\/Gipso-droztukas-CARBON-1024x669.png\" alt=\"\" width=\"1024\" height=\"669\" srcset=\"data:image\/svg+xml,%3Csvg%20xmlns%3D%27http%3A%2F%2Fwww.w3.org%2F2000%2Fsvg%27%20width%3D%271024%27%20height%3D%27669%27%20viewBox%3D%270%200%201024%20669%27%3E%3Crect%20width%3D%271024%27%20height%3D%27669%27%20fill-opacity%3D%220%22%2F%3E%3C%2Fsvg%3E\" data-srcset=\"https:\/\/3dfactory.lt\/wp-content\/uploads\/2023\/09\/Gipso-droztukas-CARBON-18x12.png 18w, https:\/\/3dfactory.lt\/wp-content\/uploads\/2023\/09\/Gipso-droztukas-CARBON-60x39.png 60w, https:\/\/3dfactory.lt\/wp-content\/uploads\/2023\/09\/Gipso-droztukas-CARBON-110x72.png 110w, https:\/\/3dfactory.lt\/wp-content\/uploads\/2023\/09\/Gipso-droztukas-CARBON-200x131.png 200w, https:\/\/3dfactory.lt\/wp-content\/uploads\/2023\/09\/Gipso-droztukas-CARBON-300x196.png 300w, https:\/\/3dfactory.lt\/wp-content\/uploads\/2023\/09\/Gipso-droztukas-CARBON-400x261.png 400w, https:\/\/3dfactory.lt\/wp-content\/uploads\/2023\/09\/Gipso-droztukas-CARBON-500x327.png 500w, https:\/\/3dfactory.lt\/wp-content\/uploads\/2023\/09\/Gipso-droztukas-CARBON-600x392.png 600w, https:\/\/3dfactory.lt\/wp-content\/uploads\/2023\/09\/Gipso-droztukas-CARBON-700x457.png 700w, https:\/\/3dfactory.lt\/wp-content\/uploads\/2023\/09\/Gipso-droztukas-CARBON-768x502.png 768w, https:\/\/3dfactory.lt\/wp-content\/uploads\/2023\/09\/Gipso-droztukas-CARBON-800x523.png 800w, https:\/\/3dfactory.lt\/wp-content\/uploads\/2023\/09\/Gipso-droztukas-CARBON-1024x669.png 1024w, https:\/\/3dfactory.lt\/wp-content\/uploads\/2023\/09\/Gipso-droztukas-CARBON-1200x784.png 1200w, https:\/\/3dfactory.lt\/wp-content\/uploads\/2023\/09\/Gipso-droztukas-CARBON.png 1244w\" data-sizes=\"auto\" data-orig-sizes=\"(max-width: 1024px) 100vw, 1024px\" \/><\/p>\n<p><em><strong>Dizainas bei i\u0161vaizda gali skirtis, kadangi gaminys nuolat atnaujinamas ir tobulinamos jo funkcijos.<\/strong><\/em><\/p>\n<p>&nbsp;<\/p>\n<p><em>Pastabos:<\/em><\/p>\n<p><em>\u0160is \u012frankis pagamintas naudojant 3D spausdinimo technologij\u0105, naudoti atsakingai, kadangi naudojami a\u0161tr\u016bs peiliukai. Pardav\u0117jas neatsako u\u017e patirtus su\u017ealojimus naudojant \u012frank\u012f.<\/em><\/p>\n<p>&nbsp;<\/p>\n<p>&nbsp;<\/p>","protected":false},"excerpt":{"rendered":"<p><strong>Delivery 3-5 working days<\/strong><\/p>\n<ul>\n<li>Spalva &#8211; JUODA<\/li>\n<li>PAGAMINTA I\u0160 NAILONO\/ANGLIES PLUO\u0160TO<\/li>\n<li>Garantija 3 metai<\/li>\n<li>Lengvai kei\u010diamos gele\u017et\u0117s<\/li>\n<li>Ergonomi\u0161kas dizainas<\/li>\n<li>Atsparus aplinkos poveikiui plastikas<\/li>\n<\/ul>\n<p>&nbsp;<\/p>","protected":false},"featured_media":8408,"comment_status":"open","ping_status":"closed","template":"","meta":{"om_disable_all_campaigns":false,"_uf_show_specific_survey":0,"_uf_disable_surveys":false},"product_brand":[],"product_cat":[205,206],"product_tag":[208,209,207,232,210],"class_list":{"0":"post-8406","1":"product","2":"type-product","3":"status-publish","4":"has-post-thumbnail","6":"product_cat-irankiai","7":"product_cat-droztukas-gipsui","8":"product_tag-briaunu-pjovimo-irankis","9":"product_tag-dezutei-ileisti","10":"product_tag-droztukas-gipsui","11":"product_tag-droztukas-karboninis","12":"product_tag-droztukas-rozeciu-dezutems","14":"first","15":"instock","16":"shipping-taxable","17":"purchasable","18":"product-type-variable"},"_links":{"self":[{"href":"https:\/\/3dfactory.lt\/en\/wp-json\/wp\/v2\/product\/8406","targetHints":{"allow":["GET"]}}],"collection":[{"href":"https:\/\/3dfactory.lt\/en\/wp-json\/wp\/v2\/product"}],"about":[{"href":"https:\/\/3dfactory.lt\/en\/wp-json\/wp\/v2\/types\/product"}],"replies":[{"embeddable":true,"href":"https:\/\/3dfactory.lt\/en\/wp-json\/wp\/v2\/comments?post=8406"}],"wp:featuredmedia":[{"embeddable":true,"href":"https:\/\/3dfactory.lt\/en\/wp-json\/wp\/v2\/media\/8408"}],"wp:attachment":[{"href":"https:\/\/3dfactory.lt\/en\/wp-json\/wp\/v2\/media?parent=8406"}],"wp:term":[{"taxonomy":"product_brand","embeddable":true,"href":"https:\/\/3dfactory.lt\/en\/wp-json\/wp\/v2\/product_brand?post=8406"},{"taxonomy":"product_cat","embeddable":true,"href":"https:\/\/3dfactory.lt\/en\/wp-json\/wp\/v2\/product_cat?post=8406"},{"taxonomy":"product_tag","embeddable":true,"href":"https:\/\/3dfactory.lt\/en\/wp-json\/wp\/v2\/product_tag?post=8406"}],"curies":[{"name":"wp","href":"https:\/\/api.w.org\/{rel}","templated":true}]}}