{"id":7917,"date":"2022-02-08T15:33:11","date_gmt":"2022-02-08T13:33:11","guid":{"rendered":"https:\/\/3dfactory.lt\/?post_type=product&#038;p=7917"},"modified":"2022-12-27T17:41:41","modified_gmt":"2022-12-27T15:41:41","slug":"namo-numeris","status":"publish","type":"product","link":"https:\/\/3dfactory.lt\/en\/parduotuve\/namo-numeris\/","title":{"rendered":"Namo numeris"},"content":{"rendered":"<p>Sukurkite unikal\u0173 stili\u0173 savo namui su m\u016bs\u0173 3D spausdintais namo numeriais.<br \/>\nSukurti i\u0161 Eco plastiko, \u0161ie skai\u010diai yra universal\u016bs, tvirti ir atkreipiantys d\u0117mes\u012f. Pasirinkite i\u0161 \u012fvairi\u0173 dizain\u0173, atitinkan\u010di\u0173 j\u016bs\u0173 poreikius, arba leiskite m\u016bs\u0173 dizaineriams sukurti pagal jus!<\/p>\n<p>Maksimalus vieno skaitmens\/ raid\u0117s dydis: 45 cm<\/p>\n<p>Galimi stiliai:<\/p>\n<p><img decoding=\"async\" class=\"lazyload alignnone wp-image-7967 size-full\" src=\"https:\/\/3dfactory.lt\/wp-content\/uploads\/2022\/02\/fonts-3D_namo-_numeris.jpg\" data-orig-src=\"https:\/\/3dfactory.lt\/wp-content\/uploads\/2022\/02\/fonts-3D_namo-_numeris.jpg\" alt=\"\" width=\"822\" height=\"1080\" srcset=\"data:image\/svg+xml,%3Csvg%20xmlns%3D%27http%3A%2F%2Fwww.w3.org%2F2000%2Fsvg%27%20width%3D%27822%27%20height%3D%271080%27%20viewBox%3D%270%200%20822%201080%27%3E%3Crect%20width%3D%27822%27%20height%3D%271080%27%20fill-opacity%3D%220%22%2F%3E%3C%2Fsvg%3E\" data-srcset=\"https:\/\/3dfactory.lt\/wp-content\/uploads\/2022\/02\/fonts-3D_namo-_numeris-9x12.jpg 9w, https:\/\/3dfactory.lt\/wp-content\/uploads\/2022\/02\/fonts-3D_namo-_numeris-60x79.jpg 60w, https:\/\/3dfactory.lt\/wp-content\/uploads\/2022\/02\/fonts-3D_namo-_numeris-110x145.jpg 110w, https:\/\/3dfactory.lt\/wp-content\/uploads\/2022\/02\/fonts-3D_namo-_numeris-200x263.jpg 200w, https:\/\/3dfactory.lt\/wp-content\/uploads\/2022\/02\/fonts-3D_namo-_numeris-228x300.jpg 228w, https:\/\/3dfactory.lt\/wp-content\/uploads\/2022\/02\/fonts-3D_namo-_numeris-400x526.jpg 400w, https:\/\/3dfactory.lt\/wp-content\/uploads\/2022\/02\/fonts-3D_namo-_numeris-500x657.jpg 500w, https:\/\/3dfactory.lt\/wp-content\/uploads\/2022\/02\/fonts-3D_namo-_numeris-600x788.jpg 600w, https:\/\/3dfactory.lt\/wp-content\/uploads\/2022\/02\/fonts-3D_namo-_numeris-700x920.jpg 700w, https:\/\/3dfactory.lt\/wp-content\/uploads\/2022\/02\/fonts-3D_namo-_numeris-768x1009.jpg 768w, https:\/\/3dfactory.lt\/wp-content\/uploads\/2022\/02\/fonts-3D_namo-_numeris-779x1024.jpg 779w, https:\/\/3dfactory.lt\/wp-content\/uploads\/2022\/02\/fonts-3D_namo-_numeris-800x1051.jpg 800w, https:\/\/3dfactory.lt\/wp-content\/uploads\/2022\/02\/fonts-3D_namo-_numeris.jpg 822w\" data-sizes=\"auto\" data-orig-sizes=\"(max-width: 822px) 100vw, 822px\" \/><\/p>\n<p>&nbsp;<\/p>","protected":false},"excerpt":{"rendered":"<p>Sukurkite unikal\u0173 stili\u0173 savo namui su m\u016bs\u0173 3D spausdintais namo  [&#8230;]<\/p>","protected":false},"featured_media":7916,"comment_status":"open","ping_status":"closed","template":"","meta":{"om_disable_all_campaigns":false,"_uf_show_specific_survey":0,"_uf_disable_surveys":false},"product_brand":[],"product_cat":[116],"product_tag":[184,185],"class_list":{"0":"post-7917","1":"product","2":"type-product","3":"status-publish","4":"has-post-thumbnail","6":"product_cat-3d-gaminiai","7":"product_tag-namo-numeris","8":"product_tag-uzsakomas-namo-numeris","10":"first","11":"instock","12":"shipping-taxable","13":"purchasable","14":"product-type-variable"},"_links":{"self":[{"href":"https:\/\/3dfactory.lt\/en\/wp-json\/wp\/v2\/product\/7917","targetHints":{"allow":["GET"]}}],"collection":[{"href":"https:\/\/3dfactory.lt\/en\/wp-json\/wp\/v2\/product"}],"about":[{"href":"https:\/\/3dfactory.lt\/en\/wp-json\/wp\/v2\/types\/product"}],"replies":[{"embeddable":true,"href":"https:\/\/3dfactory.lt\/en\/wp-json\/wp\/v2\/comments?post=7917"}],"wp:featuredmedia":[{"embeddable":true,"href":"https:\/\/3dfactory.lt\/en\/wp-json\/wp\/v2\/media\/7916"}],"wp:attachment":[{"href":"https:\/\/3dfactory.lt\/en\/wp-json\/wp\/v2\/media?parent=7917"}],"wp:term":[{"taxonomy":"product_brand","embeddable":true,"href":"https:\/\/3dfactory.lt\/en\/wp-json\/wp\/v2\/product_brand?post=7917"},{"taxonomy":"product_cat","embeddable":true,"href":"https:\/\/3dfactory.lt\/en\/wp-json\/wp\/v2\/product_cat?post=7917"},{"taxonomy":"product_tag","embeddable":true,"href":"https:\/\/3dfactory.lt\/en\/wp-json\/wp\/v2\/product_tag?post=7917"}],"curies":[{"name":"wp","href":"https:\/\/api.w.org\/{rel}","templated":true}]}}