{"id":7842,"date":"2022-02-01T14:56:58","date_gmt":"2022-02-01T12:56:58","guid":{"rendered":"https:\/\/3dfactory.lt\/?post_type=product&#038;p=7842"},"modified":"2022-09-11T13:52:03","modified_gmt":"2022-09-11T10:52:03","slug":"tarpiklis-ploksciu-lygiavimui","status":"publish","type":"product","link":"https:\/\/3dfactory.lt\/en\/parduotuve\/tarpiklis-ploksciu-lygiavimui\/","title":{"rendered":"Tarpiklis plok\u0161\u010di\u0173 lygiavimui"},"content":{"rendered":"<p>Norint i\u0161laikyti vienodus atstumus tarp plok\u0161i\u0173, dureli\u0173, galima naudoti \u0161iuos plastikinius tarpiklius.<\/p>\n<p>&nbsp;<\/p>","protected":false},"excerpt":{"rendered":"<p>Norint i\u0161laikyti vienodus atstumus tarp plok\u0161i\u0173, dureli\u0173, galima naudoti \u0161iuos  [&#8230;]<\/p>","protected":false},"featured_media":7843,"comment_status":"open","ping_status":"closed","template":"","meta":{"om_disable_all_campaigns":false,"_uf_show_specific_survey":0,"_uf_disable_surveys":false},"product_brand":[],"product_cat":[116],"product_tag":[],"class_list":{"0":"post-7842","1":"product","2":"type-product","3":"status-publish","4":"has-post-thumbnail","6":"product_cat-3d-gaminiai","8":"first","9":"instock","10":"shipping-taxable","11":"purchasable","12":"product-type-simple"},"_links":{"self":[{"href":"https:\/\/3dfactory.lt\/en\/wp-json\/wp\/v2\/product\/7842","targetHints":{"allow":["GET"]}}],"collection":[{"href":"https:\/\/3dfactory.lt\/en\/wp-json\/wp\/v2\/product"}],"about":[{"href":"https:\/\/3dfactory.lt\/en\/wp-json\/wp\/v2\/types\/product"}],"replies":[{"embeddable":true,"href":"https:\/\/3dfactory.lt\/en\/wp-json\/wp\/v2\/comments?post=7842"}],"wp:featuredmedia":[{"embeddable":true,"href":"https:\/\/3dfactory.lt\/en\/wp-json\/wp\/v2\/media\/7843"}],"wp:attachment":[{"href":"https:\/\/3dfactory.lt\/en\/wp-json\/wp\/v2\/media?parent=7842"}],"wp:term":[{"taxonomy":"product_brand","embeddable":true,"href":"https:\/\/3dfactory.lt\/en\/wp-json\/wp\/v2\/product_brand?post=7842"},{"taxonomy":"product_cat","embeddable":true,"href":"https:\/\/3dfactory.lt\/en\/wp-json\/wp\/v2\/product_cat?post=7842"},{"taxonomy":"product_tag","embeddable":true,"href":"https:\/\/3dfactory.lt\/en\/wp-json\/wp\/v2\/product_tag?post=7842"}],"curies":[{"name":"wp","href":"https:\/\/api.w.org\/{rel}","templated":true}]}}