{"id":7840,"date":"2022-02-01T14:36:17","date_gmt":"2022-02-01T12:36:17","guid":{"rendered":"https:\/\/3dfactory.lt\/?post_type=product&#038;p=7840"},"modified":"2022-03-03T20:29:27","modified_gmt":"2022-03-03T18:29:27","slug":"laikiklis-stikliukams-abs","status":"publish","type":"product","link":"https:\/\/3dfactory.lt\/en\/parduotuve\/laikiklis-stikliukams-abs\/","title":{"rendered":"Laikiklis stikliukams , ABS"},"content":{"rendered":"<p>Mokslinis stiklo plok\u0161tli\u0173 stovas 10 viet\u0173. Didelio formato arba sekvencinio stiklo plok\u0161t\u0117s d\u017eiovinimui arba saugojimui. Pagaminta i\u0161 didelio stiprumo ABS su rankin\u0117mis atramomis, kad b\u016bt\u0173 lengviau ne\u0161ti didelio formato plok\u0161tes arba sekti plok\u0161tes nuo stalo iki kriaukl\u0117s.<br \/>\nVaizdas (-iai) reprezentuoja produkt\u0173 grup\u0119 ir \u0161iek tiek gali skirtis.<\/p>","protected":false},"excerpt":{"rendered":"<p>Mokslinis stiklo plok\u0161tli\u0173 stovas 10 viet\u0173. Didelio formato arba sekvencinio  [&#8230;]<\/p>","protected":false},"featured_media":7841,"comment_status":"open","ping_status":"closed","template":"","meta":{"om_disable_all_campaigns":false,"_uf_show_specific_survey":0,"_uf_disable_surveys":false},"product_brand":[],"product_cat":[116],"product_tag":[],"class_list":{"0":"post-7840","1":"product","2":"type-product","3":"status-publish","4":"has-post-thumbnail","6":"product_cat-3d-gaminiai","8":"first","9":"instock","10":"shipping-taxable","11":"purchasable","12":"product-type-simple"},"_links":{"self":[{"href":"https:\/\/3dfactory.lt\/en\/wp-json\/wp\/v2\/product\/7840","targetHints":{"allow":["GET"]}}],"collection":[{"href":"https:\/\/3dfactory.lt\/en\/wp-json\/wp\/v2\/product"}],"about":[{"href":"https:\/\/3dfactory.lt\/en\/wp-json\/wp\/v2\/types\/product"}],"replies":[{"embeddable":true,"href":"https:\/\/3dfactory.lt\/en\/wp-json\/wp\/v2\/comments?post=7840"}],"wp:featuredmedia":[{"embeddable":true,"href":"https:\/\/3dfactory.lt\/en\/wp-json\/wp\/v2\/media\/7841"}],"wp:attachment":[{"href":"https:\/\/3dfactory.lt\/en\/wp-json\/wp\/v2\/media?parent=7840"}],"wp:term":[{"taxonomy":"product_brand","embeddable":true,"href":"https:\/\/3dfactory.lt\/en\/wp-json\/wp\/v2\/product_brand?post=7840"},{"taxonomy":"product_cat","embeddable":true,"href":"https:\/\/3dfactory.lt\/en\/wp-json\/wp\/v2\/product_cat?post=7840"},{"taxonomy":"product_tag","embeddable":true,"href":"https:\/\/3dfactory.lt\/en\/wp-json\/wp\/v2\/product_tag?post=7840"}],"curies":[{"name":"wp","href":"https:\/\/api.w.org\/{rel}","templated":true}]}}