{"id":3352,"date":"2022-01-24T15:51:44","date_gmt":"2022-01-24T13:51:44","guid":{"rendered":"https:\/\/test.3dfactory.lt\/?post_type=product&#038;p=3352"},"modified":"2022-07-28T17:27:25","modified_gmt":"2022-07-28T14:27:25","slug":"qr-kodas-prisijungimui-prie-sveciu-wifi-tinklo","status":"publish","type":"product","link":"https:\/\/3dfactory.lt\/en\/parduotuve\/qr-kodas-prisijungimui-prie-sveciu-wifi-tinklo\/","title":{"rendered":"QR wifi code badge"},"content":{"rendered":"<p>Sve\u010di\u0173 \u201eWi-Fi\u201c r\u0117melis su sve\u010di\u0173 QR kodu yra prieinamas ir paprastas b\u016bdas akimirksniu bendrinti nam\u0173\u00a0 \u201eWi-Fi\u201c prisijugim\u0105 be jokio slapta\u017eod\u017ei\u0173 \u012fvedimo.<\/p>\n<p>Vartotojas nuskaito QR kod\u0105 savo telefonu ir turi prieig\u0105 prie j\u016bs\u0173 \u201eWi-Fi\u201c akimirksniu.<\/p>\n<p>Nugaroje taip pat yra anga pakabinimui ant sienos.<\/p>\n<p>Galimi matmenys:<\/p>\n<p>15&#215;18,8&#215;1.2 cm<br \/>\n12x15x1 cm<br \/>\n10x12x8 cm<\/p>\n<p>&nbsp;<\/p>","protected":false},"excerpt":{"rendered":"<p>Delivery 3-5 working days<\/p>","protected":false},"featured_media":1974,"comment_status":"open","ping_status":"closed","template":"","meta":{"om_disable_all_campaigns":false,"_uf_show_specific_survey":0,"_uf_disable_surveys":false},"product_brand":[],"product_cat":[116],"product_tag":[117],"class_list":{"0":"post-3352","1":"product","2":"type-product","3":"status-publish","4":"has-post-thumbnail","6":"product_cat-3d-gaminiai","7":"product_tag-wifi","8":"wcpa_has_options","10":"first","11":"instock","12":"shipping-taxable","13":"purchasable","14":"product-type-variable","15":"has-default-attributes"},"_links":{"self":[{"href":"https:\/\/3dfactory.lt\/en\/wp-json\/wp\/v2\/product\/3352","targetHints":{"allow":["GET"]}}],"collection":[{"href":"https:\/\/3dfactory.lt\/en\/wp-json\/wp\/v2\/product"}],"about":[{"href":"https:\/\/3dfactory.lt\/en\/wp-json\/wp\/v2\/types\/product"}],"replies":[{"embeddable":true,"href":"https:\/\/3dfactory.lt\/en\/wp-json\/wp\/v2\/comments?post=3352"}],"wp:featuredmedia":[{"embeddable":true,"href":"https:\/\/3dfactory.lt\/en\/wp-json\/wp\/v2\/media\/1974"}],"wp:attachment":[{"href":"https:\/\/3dfactory.lt\/en\/wp-json\/wp\/v2\/media?parent=3352"}],"wp:term":[{"taxonomy":"product_brand","embeddable":true,"href":"https:\/\/3dfactory.lt\/en\/wp-json\/wp\/v2\/product_brand?post=3352"},{"taxonomy":"product_cat","embeddable":true,"href":"https:\/\/3dfactory.lt\/en\/wp-json\/wp\/v2\/product_cat?post=3352"},{"taxonomy":"product_tag","embeddable":true,"href":"https:\/\/3dfactory.lt\/en\/wp-json\/wp\/v2\/product_tag?post=3352"}],"curies":[{"name":"wp","href":"https:\/\/api.w.org\/{rel}","templated":true}]}}