{"id":9927,"date":"2025-12-03T23:38:23","date_gmt":"2025-12-03T21:38:23","guid":{"rendered":"https:\/\/3dfactory.lt\/?page_id=9927"},"modified":"2025-12-04T00:01:34","modified_gmt":"2025-12-03T22:01:34","slug":"imonems-b2b","status":"publish","type":"page","link":"https:\/\/3dfactory.lt\/en\/imonems-b2b\/","title":{"rendered":"\u012emon\u0117ms (B2B)"},"content":{"rendered":"<div class=\"fusion-fullwidth fullwidth-box fusion-builder-row-1 fusion-flex-container nonhundred-percent-fullwidth non-hundred-percent-height-scrolling\" style=\"--awb-border-radius-top-left:0px;--awb-border-radius-top-right:0px;--awb-border-radius-bottom-right:0px;--awb-border-radius-bottom-left:0px;--awb-flex-wrap:wrap;\" ><div class=\"fusion-builder-row fusion-row fusion-flex-align-items-flex-start fusion-flex-content-wrap\" style=\"max-width:1310.4px;margin-left: calc(-4% \/ 2 );margin-right: calc(-4% \/ 2 );\"><div class=\"fusion-layout-column fusion_builder_column fusion-builder-column-0 fusion_builder_column_1_1 1_1 fusion-flex-column\" style=\"--awb-bg-size:cover;--awb-width-large:100%;--awb-margin-top-large:0px;--awb-spacing-right-large:1.92%;--awb-margin-bottom-large:0px;--awb-spacing-left-large:1.92%;--awb-width-medium:100%;--awb-spacing-right-medium:1.92%;--awb-spacing-left-medium:1.92%;--awb-width-small:100%;--awb-spacing-right-small:1.92%;--awb-spacing-left-small:1.92%;\"><div class=\"fusion-column-wrapper fusion-flex-justify-content-flex-start fusion-content-layout-column\"><\/div><\/div><div class=\"fusion-layout-column fusion_builder_column fusion-builder-column-1 fusion_builder_column_1_4 1_4 fusion-flex-column\" style=\"--awb-bg-size:cover;--awb-width-large:25%;--awb-margin-top-large:0px;--awb-spacing-right-large:7.68%;--awb-margin-bottom-large:20px;--awb-spacing-left-large:7.68%;--awb-width-medium:25%;--awb-order-medium:0;--awb-spacing-right-medium:7.68%;--awb-spacing-left-medium:7.68%;--awb-width-small:100%;--awb-order-small:0;--awb-spacing-right-small:1.92%;--awb-spacing-left-small:1.92%;\"><div class=\"fusion-column-wrapper fusion-column-has-shadow fusion-flex-justify-content-flex-start fusion-content-layout-column\"><div class=\"fusion-image-element\" style=\"--awb-caption-title-font-family:var(--h2_typography-font-family);--awb-caption-title-font-weight:var(--h2_typography-font-weight);--awb-caption-title-font-style:var(--h2_typography-font-style);--awb-caption-title-size:var(--h2_typography-font-size);--awb-caption-title-transform:var(--h2_typography-text-transform);--awb-caption-title-line-height:var(--h2_typography-line-height);--awb-caption-title-letter-spacing:var(--h2_typography-letter-spacing);\"><span class=\"fusion-imageframe imageframe-none imageframe-1 hover-type-none\"><img decoding=\"async\" width=\"1024\" height=\"768\" title=\"b2b_Spausdinimas\" src=\"https:\/\/3dfactory.lt\/wp-content\/uploads\/2025\/12\/b2b_Spausdinimas.jpg\" data-orig-src=\"https:\/\/3dfactory.lt\/wp-content\/uploads\/2025\/12\/b2b_Spausdinimas-1024x768.jpg\" alt class=\"lazyload img-responsive wp-image-9932\" srcset=\"data:image\/svg+xml,%3Csvg%20xmlns%3D%27http%3A%2F%2Fwww.w3.org%2F2000%2Fsvg%27%20width%3D%272304%27%20height%3D%271728%27%20viewBox%3D%270%200%202304%201728%27%3E%3Crect%20width%3D%272304%27%20height%3D%271728%27%20fill-opacity%3D%220%22%2F%3E%3C%2Fsvg%3E\" data-srcset=\"https:\/\/3dfactory.lt\/wp-content\/uploads\/2025\/12\/b2b_Spausdinimas-200x150.jpg 200w, https:\/\/3dfactory.lt\/wp-content\/uploads\/2025\/12\/b2b_Spausdinimas-400x300.jpg 400w, https:\/\/3dfactory.lt\/wp-content\/uploads\/2025\/12\/b2b_Spausdinimas-600x450.jpg 600w, https:\/\/3dfactory.lt\/wp-content\/uploads\/2025\/12\/b2b_Spausdinimas-800x600.jpg 800w, https:\/\/3dfactory.lt\/wp-content\/uploads\/2025\/12\/b2b_Spausdinimas-1200x900.jpg 1200w\" data-sizes=\"auto\" data-orig-sizes=\"(max-width: 640px) 100vw, 400px\" \/><\/span><\/div><\/div><\/div><div class=\"fusion-layout-column fusion_builder_column fusion-builder-column-2 fusion_builder_column_3_4 3_4 fusion-flex-column\" style=\"--awb-bg-size:cover;--awb-width-large:75%;--awb-margin-top-large:0px;--awb-spacing-right-large:2.56%;--awb-margin-bottom-large:20px;--awb-spacing-left-large:2.56%;--awb-width-medium:75%;--awb-order-medium:0;--awb-spacing-right-medium:2.56%;--awb-spacing-left-medium:2.56%;--awb-width-small:100%;--awb-order-small:0;--awb-spacing-right-small:1.92%;--awb-spacing-left-small:1.92%;\"><div class=\"fusion-column-wrapper fusion-column-has-shadow fusion-flex-justify-content-flex-start fusion-content-layout-column\"><div class=\"fusion-text fusion-text-1\"><h2>Ma\u017eos Serijos Gamyba (Low-Volume Manufacturing): Lankstumas be Dideli\u0173 Investicij\u0173<\/h2>\n<\/p>\n<p data-path-to-node=\"5\">Ar Jums reikalinga nedidel\u0117, bet kokybi\u0161ka <b>produkt\u0173 partija<\/b>? Tradiciniai gamybos metodai, tokie kaip liejimas \u012f formas (angl. <i>injection molding<\/i>), yra neekonomi\u0161ki ir u\u017etrunka ilgai, jei J\u016bs\u0173 serija yra ma\u017eesn\u0117 nei 5000 vienet\u0173.<\/p>\n<p data-path-to-node=\"6\"><b>3DFactory<\/b> si\u016blo sprendim\u0105, kuris suteikia Jums did\u017eiausi\u0105 <b>lankstum\u0105, greit\u012f<\/b> ir leid\u017eia i\u0161vengti dideli\u0173 pradini\u0173 i\u0161laid\u0173.<\/p>\n<h3>I\u0161bandykite. Patvirtinkite. Gaminkite.<\/h3>\n<\/p>\n<p data-path-to-node=\"8\"><b>Ma\u017eos serijos gamyba<\/b> per 3D spausdinim\u0105 idealiai tinka \u0161iems atvejams:<\/p>\n<ol start=\"1\" data-path-to-node=\"9\">\n<li>\n<p data-path-to-node=\"9,0,0\"><b>Testin\u0117 gamyba:<\/b> Prie\u0161 masin\u0119 gamyb\u0105, i\u0161bandykite rink\u0105 su ribota gamini\u0173 serija.<\/p>\n<\/li>\n<li>\n<p data-path-to-node=\"9,1,0\"><b>Individualizuoti Produktai:<\/b> Gaminkite specializuotas detales, pavyzd\u017eiui, <b>\u012frankius<\/b>, <b>gamybos pagalbines priemones<\/b> (jigs and fixtures) ar individualizuot\u0105 \u012frang\u0105, adapterius.<\/p>\n<\/li>\n<li>\n<p data-path-to-node=\"9,2,0\"><b>Prototipini\u0173 pavyzd\u017ei\u0173 gamyba:<\/b> Pasigaminkite keliasde\u0161imt funkcini\u0173 prototip\u0173, skirt\u0173 bandymams ir sertifikavimui.<\/p>\n<\/li>\n<\/ol>\n<h3>3DFactory Prana\u0161umai J\u016bs\u0173 Partinei Gamybai<\/h3>\n<\/p>\n<p data-path-to-node=\"11\">Naudodami pa\u017eangias FDM ir SLA spausdinimo technologijas, u\u017etikriname stabil\u0173 ir pakartojam\u0105 gamybos proces\u0105:<\/p>\n<ul data-path-to-node=\"12\">\n<li>\n<p data-path-to-node=\"12,0,0\"><b>Joki\u0173 Form\u0173 gaminimo I\u0161laid\u0173(injection molding :<\/b> Prad\u0117kite gaminti <b>be pradini\u0173 investicij\u0173<\/b> \u012f brangias liejimo formas. Mokate tik u\u017e gamin\u012f ir med\u017eiag\u0105.<\/p>\n<\/li>\n<li>\n<p data-path-to-node=\"12,1,0\"><b>Greita Modifikacija:<\/b> Jei testuojant reikia pakeisti gaminio dizain\u0105 (pvz., sustiprinti sienel\u0119 ar pakeisti angos diametr\u0105), pakeitimas atliekamas CAD modelyje ir gamyba atnaujinama <b>per kelias valandas<\/b>, o ne per kelias savaites ar net m\u0117nesius.<\/p>\n<\/li>\n<li>\n<p data-path-to-node=\"12,2,0\"><b>In\u017einerin\u0117s Med\u017eiagos:<\/b> Si\u016blome plat\u0173 med\u017eiag\u0173 pasirinkim\u0105, atitinkant\u012f J\u016bs\u0173 gaminio aplink\u0105: nuo didelio atsparumo dilimui <b>Nylon\/PA<\/b> kompozit\u0173 iki sm\u016bgiams atsparaus <b>ABS, ASA<\/b> taip pat Gumos<b>(TPA\/TPU)<\/b>.<\/p>\n<\/li>\n<\/ul>\n<blockquote data-path-to-node=\"13\">\n<p data-path-to-node=\"13,0\">Jei ie\u0161kote <b>lankstumo<\/b>, <b>greito prototipavimo<\/b> ir <b>ekonomi\u0161kos ma\u017eos partijos gamybos<\/b> Lietuvoje, 3DFactory sprendimai leid\u017eia Jums grei\u010diau patekti \u012f rink\u0105 su <b>kokybi\u0161kais plastikiniais gaminiais<\/b>.<\/p>\n<\/blockquote>\n<p data-path-to-node=\"15\"><b>Nuo 10 iki 1000 vnt. \u2013 kokia partija reikalinga Jums?<\/b><\/p>\n<p data-path-to-node=\"16\">Atsi\u0173skite mums savo gaminio 3D model\u012f (.STL, .STEP ar .OBJ formatu) \u0161iandien. Mes pateiksime tiksl\u0173 \u012fvertinim\u0105 su laiko ir kainos s\u0105mata.<\/p>\n<p>Atsi\u0173skite u\u017eklaus\u0105 el. pa\u0161tu: uzsakymai@3DFactory.lt<\/p>\n<p data-path-to-node=\"16\">arba u\u017epild\u0119 u\u017eklausos form\u0105: <a class=\"fusion-modal-text-link\" href=\"#\">u\u017eklausa<\/a><\/p>\n<\/div><div ><a class=\"fusion-button button-flat button-xlarge button-custom fusion-button-default button-1 fusion-button-span-yes\" style=\"--button_accent_color:var(--awb-color1);--button_accent_hover_color:var(--awb-color1);--button_border_hover_color:var(--awb-color1);--button_gradient_top_color:var(--awb-color5);--button_gradient_bottom_color:var(--awb-color5);--button_gradient_top_color_hover:var(--awb-color5);--button_gradient_bottom_color_hover:var(--awb-color5);\" target=\"_self\" data-hover=\"text_slide_down\" href=\"https:\/\/3dfactory.lt\/en\/kontaktai\/\"><div class=\"awb-button-text-transition\"><span class=\"fusion-button-text awb-button__text awb-button__text--default\">U\u017eklausa<\/span><span class=\"fusion-button-text awb-button__text awb-button__text--default\">U\u017eklausa<\/span><\/div><i class=\"fa-arrow-alt-circle-down fas awb-button__icon awb-button__icon--default button-icon-right\" aria-hidden=\"true\"><\/i><\/a><\/div><\/div><\/div><\/div><\/div>","protected":false},"excerpt":{"rendered":"","protected":false},"author":1,"featured_media":0,"parent":0,"menu_order":0,"comment_status":"closed","ping_status":"closed","template":"100-width.php","meta":{"om_disable_all_campaigns":false,"_uf_show_specific_survey":0,"_uf_disable_surveys":false,"footnotes":""},"class_list":["post-9927","page","type-page","status-publish","hentry"],"_links":{"self":[{"href":"https:\/\/3dfactory.lt\/en\/wp-json\/wp\/v2\/pages\/9927","targetHints":{"allow":["GET"]}}],"collection":[{"href":"https:\/\/3dfactory.lt\/en\/wp-json\/wp\/v2\/pages"}],"about":[{"href":"https:\/\/3dfactory.lt\/en\/wp-json\/wp\/v2\/types\/page"}],"author":[{"embeddable":true,"href":"https:\/\/3dfactory.lt\/en\/wp-json\/wp\/v2\/users\/1"}],"replies":[{"embeddable":true,"href":"https:\/\/3dfactory.lt\/en\/wp-json\/wp\/v2\/comments?post=9927"}],"version-history":[{"count":5,"href":"https:\/\/3dfactory.lt\/en\/wp-json\/wp\/v2\/pages\/9927\/revisions"}],"predecessor-version":[{"id":9934,"href":"https:\/\/3dfactory.lt\/en\/wp-json\/wp\/v2\/pages\/9927\/revisions\/9934"}],"wp:attachment":[{"href":"https:\/\/3dfactory.lt\/en\/wp-json\/wp\/v2\/media?parent=9927"}],"curies":[{"name":"wp","href":"https:\/\/api.w.org\/{rel}","templated":true}]}}