{"id":9713,"date":"2025-06-10T16:32:20","date_gmt":"2025-06-10T13:32:20","guid":{"rendered":"https:\/\/3dfactory.lt\/?page_id=9713"},"modified":"2025-06-10T18:58:10","modified_gmt":"2025-06-10T15:58:10","slug":"3d-spausdinimo-paslaugu-uzsakymas-3d-factory","status":"publish","type":"page","link":"https:\/\/3dfactory.lt\/en\/3d-spausdinimo-paslaugu-uzsakymas-3d-factory\/","title":{"rendered":"3D spausdinimas ir 3D paslaug\u0173 u\u017esakymas- 3D Factory"},"content":{"rendered":"<div class=\"fusion-fullwidth fullwidth-box fusion-builder-row-1 fusion-flex-container nonhundred-percent-fullwidth non-hundred-percent-height-scrolling\" style=\"--awb-border-radius-top-left:0px;--awb-border-radius-top-right:0px;--awb-border-radius-bottom-right:0px;--awb-border-radius-bottom-left:0px;--awb-flex-wrap:wrap;\" ><div class=\"fusion-builder-row fusion-row fusion-flex-align-items-flex-start fusion-flex-content-wrap\" style=\"max-width:1310.4px;margin-left: calc(-4% \/ 2 );margin-right: calc(-4% \/ 2 );\"><div class=\"fusion-layout-column fusion_builder_column fusion-builder-column-0 fusion_builder_column_1_1 1_1 fusion-flex-column\" style=\"--awb-bg-size:cover;--awb-width-large:100%;--awb-margin-top-large:0px;--awb-spacing-right-large:1.92%;--awb-margin-bottom-large:0px;--awb-spacing-left-large:1.92%;--awb-width-medium:100%;--awb-spacing-right-medium:1.92%;--awb-spacing-left-medium:1.92%;--awb-width-small:100%;--awb-spacing-right-small:1.92%;--awb-spacing-left-small:1.92%;\"><div class=\"fusion-column-wrapper fusion-flex-justify-content-flex-start fusion-content-layout-column\"><div class=\"fusion-text fusion-text-1\"><div style=\"width: 1260px;\" class=\"wp-video\"><video class=\"wp-video-shortcode\" id=\"video-9713-1\" width=\"1260\" height=\"656\" preload=\"metadata\" controls=\"controls\"><source type=\"video\/mp4\" src=\"https:\/\/3dfactory.lt\/wp-content\/uploads\/2025\/06\/Mastering-3D-Printing-Orders-with-3dfactory.lt-2.mp4?_=1\" \/><a href=\"https:\/\/3dfactory.lt\/wp-content\/uploads\/2025\/06\/Mastering-3D-Printing-Orders-with-3dfactory.lt-2.mp4\">https:\/\/3dfactory.lt\/wp-content\/uploads\/2025\/06\/Mastering-3D-Printing-Orders-with-3dfactory.lt-2.mp4<\/a><\/video><\/div>\n<\/div><div class=\"fusion-title title fusion-title-1 fusion-sep-none fusion-title-text fusion-title-size-two\"><h2 class=\"fusion-title-heading title-heading-left\" style=\"margin:0;\"><h1 style=\"text-align: left;\">3D spausdinimas ir 3D paslaug\u0173 u\u017esakymas&nbsp; 3DFactory svetain\u0117je<\/h1><\/h2><\/div><div class=\"fusion-text fusion-text-2\"><p><strong>Kaip u\u017esisakyti 3D spausdinim\u0105 internetu? | <button type=\"button\" data-url=\"https:\/\/3DFactory.lt\">3DFactory.lt <\/button> vadovas<\/strong> \ud83d\udda8\ufe0f<\/p>\n<p>Ie\u0161kai, kur greitai ir patogiai u\u017esisakyti 3D spausdinimo paslaug\u0105? \u0160iame vaizdo \u012fra\u0161e parodysime \u017eingsnis po \u017eingsnio, kaip tai padaryti <button type=\"button\" data-url=\"https:\/\/3DFactory.lt\">3DFactory.lt <\/button> svetain\u0117je \u2013 nuo modelio \u012fk\u0117limo iki pristatymo!<\/p>\n<p>\ud83d\udee0\ufe0f <strong>\u0160iame vaizdo \u012fra\u0161e su\u017einosi:<\/strong><\/p>\n<ul>\n<li>\n<p>Kur rasti tinkam\u0105 paslaug\u0105 <button type=\"button\" data-url=\"https:\/\/3dfactory.lt\">3dfactory.lt <\/button> svetain\u0117je<\/p>\n<\/li>\n<li>\n<p>Kaip pasirinkti med\u017eiagas, spalvas ir kitus parametrus<\/p>\n<\/li>\n<li>\n<p>Kaip \u012fkelti .STL ar .OBJ fail\u0105<\/p>\n<\/li>\n<li>\n<p>Kaip apskai\u010diuojama kaina realiu laiku<\/p>\n<\/li>\n<li>\n<p>Kaip pateikti u\u017esakym\u0105 ir apmok\u0117ti<\/p>\n<\/li>\n<li>\n<p>Kiek u\u017etrunka pristatymas<\/p>\n<\/li>\n<\/ul>\n<p>\ud83d\udce6 U\u017esisakyti gali bet kada ir i\u0161 bet kur \u2013 3DFactory gaminius siun\u010dia visoje Lietuvoje ir Europoje!<\/p>\n<p>\ud83d\udd17 U\u017esakyk \u010dia: <button type=\"button\" data-url=\"https:\/\/3dfactory.lt\/parduotuve\/3d-spausdinimas-FDM\/\">https:\/\/3dfactory.lt\/parduotuve\/3d-spausdinimas-FDM\/<\/button> \ud83d\udce9 Klausim\u0173? Ra\u0161yk el. pa\u0161tu: info@3dfactory.lt<\/p>\n<p>\ud83d\udc4d Nepamir\u0161k prenumeruoti, jei domina 3D technologijos, prototip\u0173 gamyba ir dar daugiau!<\/p>\n<p>#3Dspauda #3DFactory #3DPrinting #3DLietuva #Prototipai #FDM<\/p>\n<\/div><\/div><\/div><\/div><\/div>","protected":false},"excerpt":{"rendered":"","protected":false},"author":1,"featured_media":9715,"parent":0,"menu_order":0,"comment_status":"closed","ping_status":"closed","template":"100-width.php","meta":{"om_disable_all_campaigns":false,"_uf_show_specific_survey":0,"_uf_disable_surveys":false,"footnotes":""},"class_list":["post-9713","page","type-page","status-publish","has-post-thumbnail","hentry"],"_links":{"self":[{"href":"https:\/\/3dfactory.lt\/en\/wp-json\/wp\/v2\/pages\/9713","targetHints":{"allow":["GET"]}}],"collection":[{"href":"https:\/\/3dfactory.lt\/en\/wp-json\/wp\/v2\/pages"}],"about":[{"href":"https:\/\/3dfactory.lt\/en\/wp-json\/wp\/v2\/types\/page"}],"author":[{"embeddable":true,"href":"https:\/\/3dfactory.lt\/en\/wp-json\/wp\/v2\/users\/1"}],"replies":[{"embeddable":true,"href":"https:\/\/3dfactory.lt\/en\/wp-json\/wp\/v2\/comments?post=9713"}],"version-history":[{"count":5,"href":"https:\/\/3dfactory.lt\/en\/wp-json\/wp\/v2\/pages\/9713\/revisions"}],"predecessor-version":[{"id":9719,"href":"https:\/\/3dfactory.lt\/en\/wp-json\/wp\/v2\/pages\/9713\/revisions\/9719"}],"wp:featuredmedia":[{"embeddable":true,"href":"https:\/\/3dfactory.lt\/en\/wp-json\/wp\/v2\/media\/9715"}],"wp:attachment":[{"href":"https:\/\/3dfactory.lt\/en\/wp-json\/wp\/v2\/media?parent=9713"}],"curies":[{"name":"wp","href":"https:\/\/api.w.org\/{rel}","templated":true}]}}