{"id":3,"date":"2022-01-21T23:45:50","date_gmt":"2022-01-21T23:45:50","guid":{"rendered":"http:\/\/test.3dfactory.lt\/?page_id=3"},"modified":"2022-01-25T23:58:18","modified_gmt":"2022-01-25T21:58:18","slug":"privatumo-politika","status":"publish","type":"page","link":"https:\/\/3dfactory.lt\/en\/privatumo-politika\/","title":{"rendered":"Privatumo politika"},"content":{"rendered":"<h2 class=\"wp-block-heading\"><\/h2>\r\n<h2 class=\"wp-block-heading\">Kas mes<\/h2>\r\n<h2>\r\n\r\n<\/h2>\r\n<p>M\u016bs\u0173 svetain\u0117s adresas: http:\/\/3dfactory.lt.<\/p>\r\n<h2>\r\n\r\n<\/h2>\r\n<h2 class=\"wp-block-heading\"><br \/>Kokius asmens duomenis mes renkame ir kod\u0117l mes juos renkame<\/h2>\r\n<h2>\r\n\r\n<\/h2>\r\n<h3 class=\"wp-block-heading\">Komentarai<\/h3>\r\n<h2>\r\n\r\n<\/h2>\r\n<p>Kai lankytojai palieka komentarus svetain\u0117je, mes renkame duomenis, nurodytus komentar\u0173 formoje, taip pat lankytojo IP adres\u0105 ir nar\u0161ykl\u0117s vartotojo agento eilut\u0119, kad b\u016bt\u0173 lengviau aptikti \u0161lam\u0161t\u0105.<\/p>\r\n<h2>\r\n\r\n<\/h2>\r\n<p><br \/>Anonimizuota eilut\u0117, sukurta i\u0161 j\u016bs\u0173 el. Pa\u0161to adreso (dar vadinama mai\u0161u), gali b\u016bti pateikta \u201eGravatar\u201c tarnybai, kad b\u016bt\u0173 galima su\u017einoti, ar j\u016bs j\u0105 naudojate. \u201eGravatar\u201c paslaugos privatumo politik\u0105 galite rasti \u010dia: https:\/\/automattic.com\/privacy\/. Patvirtinus j\u016bs\u0173 komentar\u0105, j\u016bs\u0173 profilio nuotrauka yra matoma visuomenei j\u016bs\u0173 komentaro kontekste.<\/p>\r\n<h2>\r\n\r\n<\/h2>\r\n<h3 class=\"wp-block-heading\">Medija<\/h3>\r\n<h2>\r\n\r\n<\/h2>\r\n<p>Jei \u012fkeliate vaizdus \u012f svetain\u0119, tur\u0117tum\u0117te vengti vaizd\u0173 su \u012fd\u0117tais vietos duomenimis (EXIF GPS). Svetain\u0117s lankytojai gali atsisi\u0173sti ir i\u0161 svetain\u0117s vaizd\u0173 i\u0161gauti bet kokius vietos duomenis.<\/p>\r\n<h2>\r\n\r\n<\/h2>\r\n<h3 class=\"wp-block-heading\">Susisiekimo formos<\/h3>\r\n<h2>\r\n\r\n<\/h2>\r\n<h3 class=\"wp-block-heading\">Sausain\u0117liai (Ang. Cookies)<\/h3>\r\n<h2>\r\n\r\n<\/h2>\r\n<p>Jei paliksite komentar\u0105 m\u016bs\u0173 svetain\u0117je, galite pasirinkti i\u0161saugoti savo vard\u0105, el. Pa\u0161to adres\u0105 ir svetain\u0119 slapukuose. Tai yra j\u016bs\u0173 patogumui, kad jums nereik\u0117t\u0173 v\u0117l pildyti savo duomen\u0173, kai paliekate kit\u0105 komentar\u0105. \u0160ie slapukai t\u0119sis vienerius metus.<\/p>\r\n<h2>\r\n\r\n<\/h2>\r\n<p>If you visit our login page, we will set a temporary cookie to determine if your browser accepts cookies. This cookie contains no personal data and is discarded when you close your browser.<\/p>\r\n<h2>\r\n\r\n<\/h2>\r\n<p>Jei lankysit\u0117s m\u016bs\u0173 prisijungimo puslapyje, nustatysime laikin\u0105 slapuk\u0105, kad nustatytume, ar j\u016bs\u0173 nar\u0161ykl\u0117 priima slapukus. \u0160iame slapuke n\u0117ra asmenini\u0173 duomen\u0173 ir jis i\u0161metamas u\u017edarius nar\u0161ykl\u0119.<\/p>\r\n<h2>\r\n\r\n<\/h2>\r\n<p>Jei redaguosite ar paskelbsite straipsn\u012f, j\u016bs\u0173 nar\u0161ykl\u0117je bus i\u0161saugotas papildomas slapukas. \u0160iame slapuke n\u0117ra joki\u0173 asmens duomen\u0173 ir jis tiesiog nurodo k\u0105 tik redaguoto straipsnio \u012fra\u0161o ID. Jis baigiasi po 1 dienos.<\/p>\r\n<h2>\r\n\r\n<\/h2>\r\n<h3 class=\"wp-block-heading\"><br \/>\u012eterptas turinys i\u0161 kit\u0173 svetaini\u0173<\/h3>\r\n<h2>\r\n\r\n<\/h2>\r\n<p>\u0160ios svetain\u0117s straipsniuose gali b\u016bti \u012fd\u0117to turinio (pvz., Vaizdo \u012fra\u0161\u0173, vaizd\u0173, straipsni\u0173 ir kt.). \u012eterptasis turinys i\u0161 kit\u0173 svetaini\u0173 elgiasi taip pat, lyg lankytojas b\u016bt\u0173 aplank\u0119s kit\u0105 svetain\u0119.<\/p>\r\n<h2>\r\n\r\n<\/h2>\r\n<p>\u0160ios svetain\u0117s gali rinkti duomenis apie jus, naudoti slapukus, \u012fterpti papildom\u0105 tre\u010di\u0173j\u0173 \u0161ali\u0173 steb\u0117jim\u0105 ir steb\u0117ti j\u016bs\u0173 s\u0105veik\u0105 su \u012fterptu turiniu, \u012fskaitant j\u016bs\u0173 s\u0105veikos su \u012fd\u0117tu turiniu steb\u0117jim\u0105, jei turite paskyr\u0105 ir esate prisijung\u0119 prie tos svetain\u0117s.<\/p>\r\n<h2>\r\n\r\n<\/h2>\r\n<h3 class=\"wp-block-heading\">Statistika<\/h3>\r\n<h2>\r\n\r\n<\/h2>\r\n<h2 class=\"wp-block-heading\">Su kuo mes dalijam\u0117s j\u016bs\u0173 duomenimis<\/h2>\r\n<h2>\r\n\r\n<\/h2>\r\n<h2 class=\"wp-block-heading\">Kaip ilgai mes saugome j\u016bs\u0173 duomenis<\/h2>\r\n<h2>\r\n\r\n<\/h2>\r\n<p>Jei paliksite komentar\u0105, komentaras ir jo metaduomenys bus saugomi neribot\u0105 laik\u0105. Taip mes galime automati\u0161kai atpa\u017einti ir patvirtinti visus tolesnius komentarus, u\u017euot laik\u0119 juos moderavimo eil\u0117je.<\/p>\r\n<h2>\r\n\r\n<\/h2>\r\n<p>Vartotojams, kurie u\u017esiregistruoja m\u016bs\u0173 svetain\u0117je (jei yra), mes taip pat saugome asmenin\u0119 informacij\u0105, kuri\u0105 jie pateikia savo vartotojo profilyje. Visi vartotojai gali bet kada per\u017ei\u016br\u0117ti, redaguoti ar i\u0161trinti savo asmenin\u0119 informacij\u0105 (i\u0161skyrus tai, kad negali pakeisti savo vartotojo vardo). Svetain\u0117s administratoriai taip pat gali matyti ir redaguoti t\u0105 informacij\u0105.<\/p>\r\n<h2>\r\n\r\n<\/h2>\r\n<h2 class=\"wp-block-heading\">Kokias teises turite \u012f savo duomenis<\/h2>\r\n<h2>\r\n\r\n<\/h2>\r\n<p>Jei turite paskyr\u0105 \u0161ioje svetain\u0117je arba turite komentar\u0173, galite papra\u0161yti gauti eksportuojam\u0105 asmens duomen\u0173, kuriuos turime apie jus, fail\u0105, \u012fskaitant visus duomenis, kuriuos mums pateik\u0117te. Taip pat galite papra\u0161yti, kad i\u0161trintume visus j\u016bs\u0173 turimus asmens duomenis. Tai neapima joki\u0173 duomen\u0173, kuriuos privalome saugoti administraciniais, teisiniais ar saugumo tikslais.<\/p>\r\n<h2>\r\n\r\n<\/h2>\r\n<h2 class=\"wp-block-heading\">Kur mes siun\u010diame j\u016bs\u0173 duomenis<\/h2>\r\n<h2>\r\n\r\n<\/h2>\r\n<p><br \/>Lankytoj\u0173 komentarus galima patikrinti naudojant automatin\u0119 \u0161lam\u0161to aptikimo tarnyb\u0105.<\/p>\r\n<h2>\r\n\r\n<\/h2>\r\n<h2 class=\"wp-block-heading\">Kontaktin\u0117 informacija:<br \/>3Dfactory.lt<br \/>info@3dfactory.lt<\/h2>\r\n<h2>\r\n\r\n<\/h2>\r\n<h2 class=\"wp-block-heading\">Papildoma info<\/h2>\r\n<h2>\r\n\r\n<\/h2>\r\n<h3 class=\"wp-block-heading\">Kaip mes saugome j\u016bs\u0173 duomenis<\/h3>\r\n<h2>\r\n\r\n<\/h2>\r\n<h3 class=\"wp-block-heading\">What data breach procedures we have in place<\/h3>\r\n<h2>\r\n\r\n<\/h2>\r\n<h3 class=\"wp-block-heading\"><br \/>Kokias duomen\u0173 pa\u017eeidimo proced\u016bras mes taikome<\/h3>\r\n<h2>\r\n\r\n<\/h2>\r\n<h3 class=\"wp-block-heading\">Kok\u012f automatin\u012f sprendim\u0173 pri\u0117mim\u0105 ir (arba) profiliavim\u0105 darome su vartotojo duomenimis<\/h3>\r\n<h2>\r\n\r\n<\/h2>\r\n<h3 class=\"wp-block-heading\">Pramon\u0117s reguliavimo informacijos atskleidimo reikalavimai<\/h3>\r\n<h2><\/h2>","protected":false},"excerpt":{"rendered":"<p>Kas mes M\u016bs\u0173 svetain\u0117s adresas: http:\/\/3dfactory.lt. Kokius asmens duomenis mes  [&#8230;]<\/p>","protected":false},"author":1,"featured_media":0,"parent":0,"menu_order":0,"comment_status":"closed","ping_status":"open","template":"","meta":{"om_disable_all_campaigns":false,"_uf_show_specific_survey":0,"_uf_disable_surveys":false,"footnotes":""},"class_list":["post-3","page","type-page","status-publish","hentry"],"_links":{"self":[{"href":"https:\/\/3dfactory.lt\/en\/wp-json\/wp\/v2\/pages\/3","targetHints":{"allow":["GET"]}}],"collection":[{"href":"https:\/\/3dfactory.lt\/en\/wp-json\/wp\/v2\/pages"}],"about":[{"href":"https:\/\/3dfactory.lt\/en\/wp-json\/wp\/v2\/types\/page"}],"author":[{"embeddable":true,"href":"https:\/\/3dfactory.lt\/en\/wp-json\/wp\/v2\/users\/1"}],"replies":[{"embeddable":true,"href":"https:\/\/3dfactory.lt\/en\/wp-json\/wp\/v2\/comments?post=3"}],"version-history":[{"count":1,"href":"https:\/\/3dfactory.lt\/en\/wp-json\/wp\/v2\/pages\/3\/revisions"}],"predecessor-version":[{"id":3585,"href":"https:\/\/3dfactory.lt\/en\/wp-json\/wp\/v2\/pages\/3\/revisions\/3585"}],"wp:attachment":[{"href":"https:\/\/3dfactory.lt\/en\/wp-json\/wp\/v2\/media?parent=3"}],"curies":[{"name":"wp","href":"https:\/\/api.w.org\/{rel}","templated":true}]}}